{"id":2920,"date":"2024-07-17T14:04:49","date_gmt":"2024-07-17T12:04:49","guid":{"rendered":"https:\/\/www.deicappuccini-restaurant.com\/event\/"},"modified":"2026-01-13T10:43:03","modified_gmt":"2026-01-13T09:43:03","slug":"event","status":"publish","type":"page","link":"https:\/\/www.deicappuccini-restaurant.com\/it\/event\/","title":{"rendered":"Eventi"},"content":{"rendered":"\t\t<div data-elementor-type=\"wp-page\" data-elementor-id=\"2920\" class=\"elementor elementor-2920 elementor-2842\" data-elementor-post-type=\"page\">\n\t\t\t\t\t\t<section class=\"elementor-section elementor-top-section elementor-element elementor-element-edb8252 block-intro elementor-section-boxed elementor-section-height-default elementor-section-height-default\" data-id=\"edb8252\" data-element_type=\"section\" data-e-type=\"section\" data-settings=\"{&quot;background_background&quot;:&quot;classic&quot;}\">\n\t\t\t\t\t\t<div class=\"elementor-container elementor-column-gap-default\">\n\t\t\t\t\t<div class=\"elementor-column elementor-col-100 elementor-top-column elementor-element elementor-element-ce2bca5\" data-id=\"ce2bca5\" data-element_type=\"column\" data-e-type=\"column\">\n\t\t\t<div class=\"elementor-widget-wrap elementor-element-populated\">\n\t\t\t\t\t\t<section class=\"elementor-section elementor-inner-section elementor-element elementor-element-a694a30 elementor-section-boxed elementor-section-height-default elementor-section-height-default\" data-id=\"a694a30\" data-element_type=\"section\" data-e-type=\"section\">\n\t\t\t\t\t\t<div class=\"elementor-container elementor-column-gap-default\">\n\t\t\t\t\t<div class=\"elementor-column elementor-col-33 elementor-inner-column elementor-element elementor-element-7646763\" data-id=\"7646763\" data-element_type=\"column\" data-e-type=\"column\">\n\t\t\t<div class=\"elementor-widget-wrap\">\n\t\t\t\t\t\t\t<\/div>\n\t\t<\/div>\n\t\t\t\t<div class=\"elementor-column elementor-col-33 elementor-inner-column elementor-element elementor-element-392515d\" data-id=\"392515d\" data-element_type=\"column\" data-e-type=\"column\">\n\t\t\t<div class=\"elementor-widget-wrap elementor-element-populated\">\n\t\t\t\t\t\t<div class=\"elementor-element elementor-element-c0a9f11 elementor-widget elementor-widget-heading\" data-id=\"c0a9f11\" data-element_type=\"widget\" data-e-type=\"widget\" data-widget_type=\"heading.default\">\n\t\t\t\t<div class=\"elementor-widget-container\">\n\t\t\t\t\t<h1 class=\"elementor-heading-title elementor-size-default\">Eventi<\/h1>\t\t\t\t<\/div>\n\t\t\t\t<\/div>\n\t\t\t\t\t<\/div>\n\t\t<\/div>\n\t\t\t\t<div class=\"elementor-column elementor-col-33 elementor-inner-column elementor-element elementor-element-e9d14ce\" data-id=\"e9d14ce\" data-element_type=\"column\" data-e-type=\"column\">\n\t\t\t<div class=\"elementor-widget-wrap\">\n\t\t\t\t\t\t\t<\/div>\n\t\t<\/div>\n\t\t\t\t\t<\/div>\n\t\t<\/section>\n\t\t\t\t\t<\/div>\n\t\t<\/div>\n\t\t\t\t\t<\/div>\n\t\t<\/section>\n\t\t\t\t<section class=\"elementor-section elementor-top-section elementor-element elementor-element-3a78dab elementor-section-boxed elementor-section-height-default elementor-section-height-default elementor-invisible\" data-id=\"3a78dab\" data-element_type=\"section\" data-e-type=\"section\" data-settings=\"{&quot;animation&quot;:&quot;fadeIn&quot;,&quot;background_background&quot;:&quot;classic&quot;}\">\n\t\t\t\t\t\t<div class=\"elementor-container elementor-column-gap-default\">\n\t\t\t\t\t<div class=\"elementor-column elementor-col-100 elementor-top-column elementor-element elementor-element-90c39b3\" data-id=\"90c39b3\" data-element_type=\"column\" data-e-type=\"column\">\n\t\t\t<div class=\"elementor-widget-wrap\">\n\t\t\t\t\t\t\t<\/div>\n\t\t<\/div>\n\t\t\t\t\t<\/div>\n\t\t<\/section>\n\t\t\t\t<section class=\"elementor-section elementor-top-section elementor-element elementor-element-9da0222 elementor-section-boxed elementor-section-height-default elementor-section-height-default elementor-invisible\" data-id=\"9da0222\" data-element_type=\"section\" data-e-type=\"section\" data-settings=\"{&quot;animation&quot;:&quot;fadeIn&quot;,&quot;background_background&quot;:&quot;classic&quot;}\">\n\t\t\t\t\t\t<div class=\"elementor-container elementor-column-gap-default\">\n\t\t\t\t\t<div class=\"elementor-column elementor-col-100 elementor-top-column elementor-element elementor-element-aabb8bc\" data-id=\"aabb8bc\" data-element_type=\"column\" data-e-type=\"column\">\n\t\t\t<div class=\"elementor-widget-wrap elementor-element-populated\">\n\t\t\t\t\t\t<section class=\"elementor-section elementor-inner-section elementor-element elementor-element-0e94947 block-image elementor-section-boxed elementor-section-height-default elementor-section-height-default\" data-id=\"0e94947\" data-element_type=\"section\" data-e-type=\"section\">\n\t\t\t\t\t\t<div class=\"elementor-container elementor-column-gap-default\">\n\t\t\t\t\t<div class=\"elementor-column elementor-col-50 elementor-inner-column elementor-element elementor-element-3738b32\" data-id=\"3738b32\" data-element_type=\"column\" data-e-type=\"column\">\n\t\t\t<div class=\"elementor-widget-wrap elementor-element-populated\">\n\t\t\t\t\t\t<div class=\"elementor-element elementor-element-4cb256e elementor-widget elementor-widget-heading\" data-id=\"4cb256e\" data-element_type=\"widget\" data-e-type=\"widget\" data-widget_type=\"heading.default\">\n\t\t\t\t<div class=\"elementor-widget-container\">\n\t\t\t\t\t<h2 class=\"elementor-heading-title elementor-size-medium\">Lanuto e de Boer,<br> l\u2019incontro tra due talentuosi chef\n<\/h2>\t\t\t\t<\/div>\n\t\t\t\t<\/div>\n\t\t\t\t<div class=\"elementor-element elementor-element-a642c7b elementor-widget elementor-widget-text-editor\" data-id=\"a642c7b\" data-element_type=\"widget\" data-e-type=\"widget\" data-widget_type=\"text-editor.default\">\n\t\t\t\t<div class=\"elementor-widget-container\">\n\t\t\t\t\t\t\t\t\t<p>Una cena evento imperdibile frutto della collaborazione tra Anantara Grand Hotel Krasnapolsky Amsterdam, con il suo ristorante The White Room (con stella Michelin), e Anantara Convento di Amalfi Grand Hotel, con il suo Ristorante Dei Cappuccini.<\/p><p>\u00a0<\/p><p>Nelle serate del 2 e 3 agosto Anantara Convento di Amalfi Grand Hotel dar\u00e0 l\u2019opportunit\u00e0 agli ospiti del suo Ristorante Dei Cappuccini di godere della collaborazione tra l\u2019executive chef Claudio Lanuto e Tristan de Boer, Chef de Cuisine del The White Room, ristorante dell\u2019Anantara Grand Hotel Krasnapolsky di Amsterdam. Al Dei Cappuccini sar\u00e0 possibile degustare un ricco e fantasioso men\u00f9 a 4 mani, frutto del lavoro di due chef apprezzati a livello internazionale. La degustazione prevede un programma composto da 4 entr\u00e9e curate da Lanuto e De Boer pi\u00f9 8 main courses, 4 a testa per ciascuno chef. Ognuna delle due serate \u00e8 poi arricchita dall\u2019accompagnamento di 4 vini DOC italiani d\u2019eccellenza.<\/p><p>\u00a0<\/p><p>Per prenotare il proprio tavolo al Dei Cappuccini Restaurant per la cena-evento degli chef Lanuto e De Boer \u00e8 possibile contattare il numero <a href=\"tel:+39 089 8736711\">+39 089 8736711<\/a> o scrivere una mail a <a href=\"mailto:fb.conventodiamalfi@anantara-hotels.com\">fb.conventodiamalfi@anantara-hotels.com<\/a>.<\/p>\t\t\t\t\t\t\t\t<\/div>\n\t\t\t\t<\/div>\n\t\t\t\t\t<\/div>\n\t\t<\/div>\n\t\t\t\t<div class=\"elementor-column elementor-col-50 elementor-inner-column elementor-element elementor-element-fa2ace2\" data-id=\"fa2ace2\" data-element_type=\"column\" data-e-type=\"column\">\n\t\t\t<div class=\"elementor-widget-wrap elementor-element-populated\">\n\t\t\t\t\t\t<div class=\"elementor-element elementor-element-a1932ff elementor-widget elementor-widget-image\" data-id=\"a1932ff\" data-element_type=\"widget\" data-e-type=\"widget\" data-widget_type=\"image.default\">\n\t\t\t\t<div class=\"elementor-widget-container\">\n\t\t\t\t\t\t\t\t\t\t\t\t\t\t\t<img fetchpriority=\"high\" decoding=\"async\" width=\"2000\" height=\"1333\" src=\"https:\/\/www.deicappuccini-restaurant.com\/wp-content\/uploads\/2024\/07\/The-White-Room-3.jpg\" class=\"attachment-full size-full wp-image-2845\" alt=\"\" srcset=\"https:\/\/www.deicappuccini-restaurant.com\/wp-content\/uploads\/2024\/07\/The-White-Room-3.jpg 2000w, https:\/\/www.deicappuccini-restaurant.com\/wp-content\/uploads\/2024\/07\/The-White-Room-3-300x200.jpg 300w, https:\/\/www.deicappuccini-restaurant.com\/wp-content\/uploads\/2024\/07\/The-White-Room-3-1024x682.jpg 1024w, https:\/\/www.deicappuccini-restaurant.com\/wp-content\/uploads\/2024\/07\/The-White-Room-3-768x512.jpg 768w, https:\/\/www.deicappuccini-restaurant.com\/wp-content\/uploads\/2024\/07\/The-White-Room-3-1536x1024.jpg 1536w\" sizes=\"(max-width: 2000px) 100vw, 2000px\" \/>\t\t\t\t\t\t\t\t\t\t\t\t\t\t\t<\/div>\n\t\t\t\t<\/div>\n\t\t\t\t\t<\/div>\n\t\t<\/div>\n\t\t\t\t\t<\/div>\n\t\t<\/section>\n\t\t\t\t\t<\/div>\n\t\t<\/div>\n\t\t\t\t\t<\/div>\n\t\t<\/section>\n\t\t\t\t<\/div>\n\t\t","protected":false},"excerpt":{"rendered":"<p>Eventi Lanuto e de Boer, l\u2019incontro tra due talentuosi chef Una cena evento imperdibile frutto della collaborazione tra Anantara Grand Hotel Krasnapolsky Amsterdam, con il suo ristorante The White Room (con stella Michelin), e Anantara Convento di Amalfi Grand Hotel, con il suo Ristorante Dei Cappuccini. \u00a0 Nelle serate del 2 e 3 agosto Anantara [&hellip;]<\/p>\n","protected":false},"author":2,"featured_media":0,"parent":0,"menu_order":0,"comment_status":"closed","ping_status":"closed","template":"","meta":{"footnotes":""},"class_list":["post-2920","page","type-page","status-publish","hentry"],"acf":[],"yoast_head":"<!-- This site is optimized with the Yoast SEO plugin v27.4 - https:\/\/yoast.com\/product\/yoast-seo-wordpress\/ -->\n<title>Eventi | Dei Cappuccini Restaurant Amalfi<\/title>\n<meta name=\"description\" content=\"Vivi eventi culinari indimenticabili al Ristorante Dei Cappuccini. Gusta men\u00f9 unici creati da chef di fama internazionale in un ambiente storico\" \/>\n<meta name=\"robots\" content=\"index, follow, max-snippet:-1, max-image-preview:large, max-video-preview:-1\" \/>\n<link rel=\"canonical\" href=\"https:\/\/www.deicappuccini-restaurant.com\/it\/event\/\" \/>\n<meta property=\"og:locale\" content=\"it_IT\" \/>\n<meta property=\"og:type\" content=\"article\" \/>\n<meta property=\"og:title\" content=\"Eventi | Dei Cappuccini Restaurant Amalfi\" \/>\n<meta property=\"og:description\" content=\"Vivi eventi culinari indimenticabili al Ristorante Dei Cappuccini. Gusta men\u00f9 unici creati da chef di fama internazionale in un ambiente storico\" \/>\n<meta property=\"og:url\" content=\"https:\/\/www.deicappuccini-restaurant.com\/it\/event\/\" \/>\n<meta property=\"og:site_name\" content=\"Dei Cappuccini Restaurant Amalfi\" \/>\n<meta property=\"article:modified_time\" content=\"2026-01-13T09:43:03+00:00\" \/>\n<meta property=\"og:image\" content=\"https:\/\/www.deicappuccini-restaurant.com\/wp-content\/uploads\/2024\/07\/The-White-Room-3.jpg\" \/>\n\t<meta property=\"og:image:width\" content=\"2000\" \/>\n\t<meta property=\"og:image:height\" content=\"1333\" \/>\n\t<meta property=\"og:image:type\" content=\"image\/jpeg\" \/>\n<meta name=\"twitter:card\" content=\"summary_large_image\" \/>\n<meta name=\"twitter:label1\" content=\"Est. reading time\" \/>\n\t<meta name=\"twitter:data1\" content=\"2 minutes\" \/>\n<script type=\"application\/ld+json\" class=\"yoast-schema-graph\">{\"@context\":\"https:\\\/\\\/schema.org\",\"@graph\":[{\"@type\":\"WebPage\",\"@id\":\"https:\\\/\\\/www.deicappuccini-restaurant.com\\\/it\\\/event\\\/\",\"url\":\"https:\\\/\\\/www.deicappuccini-restaurant.com\\\/it\\\/event\\\/\",\"name\":\"Eventi | Dei Cappuccini Restaurant Amalfi\",\"isPartOf\":{\"@id\":\"https:\\\/\\\/www.deicappuccini-restaurant.com\\\/it\\\/#website\"},\"primaryImageOfPage\":{\"@id\":\"https:\\\/\\\/www.deicappuccini-restaurant.com\\\/it\\\/event\\\/#primaryimage\"},\"image\":{\"@id\":\"https:\\\/\\\/www.deicappuccini-restaurant.com\\\/it\\\/event\\\/#primaryimage\"},\"thumbnailUrl\":\"https:\\\/\\\/www.deicappuccini-restaurant.com\\\/wp-content\\\/uploads\\\/2024\\\/07\\\/The-White-Room-3.jpg\",\"datePublished\":\"2024-07-17T12:04:49+00:00\",\"dateModified\":\"2026-01-13T09:43:03+00:00\",\"description\":\"Vivi eventi culinari indimenticabili al Ristorante Dei Cappuccini. Gusta men\u00f9 unici creati da chef di fama internazionale in un ambiente storico\",\"breadcrumb\":{\"@id\":\"https:\\\/\\\/www.deicappuccini-restaurant.com\\\/it\\\/event\\\/#breadcrumb\"},\"inLanguage\":\"it-IT\",\"potentialAction\":[{\"@type\":\"ReadAction\",\"target\":[\"https:\\\/\\\/www.deicappuccini-restaurant.com\\\/it\\\/event\\\/\"]}]},{\"@type\":\"ImageObject\",\"inLanguage\":\"it-IT\",\"@id\":\"https:\\\/\\\/www.deicappuccini-restaurant.com\\\/it\\\/event\\\/#primaryimage\",\"url\":\"https:\\\/\\\/www.deicappuccini-restaurant.com\\\/wp-content\\\/uploads\\\/2024\\\/07\\\/The-White-Room-3.jpg\",\"contentUrl\":\"https:\\\/\\\/www.deicappuccini-restaurant.com\\\/wp-content\\\/uploads\\\/2024\\\/07\\\/The-White-Room-3.jpg\"},{\"@type\":\"BreadcrumbList\",\"@id\":\"https:\\\/\\\/www.deicappuccini-restaurant.com\\\/it\\\/event\\\/#breadcrumb\",\"itemListElement\":[{\"@type\":\"ListItem\",\"position\":1,\"name\":\"Home\",\"item\":\"https:\\\/\\\/www.deicappuccini-restaurant.com\\\/it\\\/\"},{\"@type\":\"ListItem\",\"position\":2,\"name\":\"Eventi\"}]},{\"@type\":\"WebSite\",\"@id\":\"https:\\\/\\\/www.deicappuccini-restaurant.com\\\/it\\\/#website\",\"url\":\"https:\\\/\\\/www.deicappuccini-restaurant.com\\\/it\\\/\",\"name\":\"Dei Cappuccini Restaurant Amalfi\",\"description\":\"\",\"publisher\":{\"@id\":\"https:\\\/\\\/www.deicappuccini-restaurant.com\\\/it\\\/#organization\"},\"potentialAction\":[{\"@type\":\"SearchAction\",\"target\":{\"@type\":\"EntryPoint\",\"urlTemplate\":\"https:\\\/\\\/www.deicappuccini-restaurant.com\\\/it\\\/?s={search_term_string}\"},\"query-input\":{\"@type\":\"PropertyValueSpecification\",\"valueRequired\":true,\"valueName\":\"search_term_string\"}}],\"inLanguage\":\"it-IT\"},{\"@type\":\"Organization\",\"@id\":\"https:\\\/\\\/www.deicappuccini-restaurant.com\\\/it\\\/#organization\",\"name\":\"Dei Cappuccini Restaurant Amalfi\",\"url\":\"https:\\\/\\\/www.deicappuccini-restaurant.com\\\/it\\\/\",\"logo\":{\"@type\":\"ImageObject\",\"inLanguage\":\"it-IT\",\"@id\":\"https:\\\/\\\/www.deicappuccini-restaurant.com\\\/it\\\/#\\\/schema\\\/logo\\\/image\\\/\",\"url\":\"https:\\\/\\\/www.deicappuccini-restaurant.com\\\/wp-content\\\/uploads\\\/2024\\\/07\\\/dei-cappuccini-logo-1.png\",\"contentUrl\":\"https:\\\/\\\/www.deicappuccini-restaurant.com\\\/wp-content\\\/uploads\\\/2024\\\/07\\\/dei-cappuccini-logo-1.png\",\"width\":590,\"height\":300,\"caption\":\"Dei Cappuccini Restaurant Amalfi\"},\"image\":{\"@id\":\"https:\\\/\\\/www.deicappuccini-restaurant.com\\\/it\\\/#\\\/schema\\\/logo\\\/image\\\/\"}}]}<\/script>\n<!-- \/ Yoast SEO plugin. -->","yoast_head_json":{"title":"Eventi | Dei Cappuccini Restaurant Amalfi","description":"Vivi eventi culinari indimenticabili al Ristorante Dei Cappuccini. Gusta men\u00f9 unici creati da chef di fama internazionale in un ambiente storico","robots":{"index":"index","follow":"follow","max-snippet":"max-snippet:-1","max-image-preview":"max-image-preview:large","max-video-preview":"max-video-preview:-1"},"canonical":"https:\/\/www.deicappuccini-restaurant.com\/it\/event\/","og_locale":"it_IT","og_type":"article","og_title":"Eventi | Dei Cappuccini Restaurant Amalfi","og_description":"Vivi eventi culinari indimenticabili al Ristorante Dei Cappuccini. Gusta men\u00f9 unici creati da chef di fama internazionale in un ambiente storico","og_url":"https:\/\/www.deicappuccini-restaurant.com\/it\/event\/","og_site_name":"Dei Cappuccini Restaurant Amalfi","article_modified_time":"2026-01-13T09:43:03+00:00","og_image":[{"width":2000,"height":1333,"url":"https:\/\/www.deicappuccini-restaurant.com\/wp-content\/uploads\/2024\/07\/The-White-Room-3.jpg","type":"image\/jpeg"}],"twitter_card":"summary_large_image","twitter_misc":{"Est. reading time":"2 minutes"},"schema":{"@context":"https:\/\/schema.org","@graph":[{"@type":"WebPage","@id":"https:\/\/www.deicappuccini-restaurant.com\/it\/event\/","url":"https:\/\/www.deicappuccini-restaurant.com\/it\/event\/","name":"Eventi | Dei Cappuccini Restaurant Amalfi","isPartOf":{"@id":"https:\/\/www.deicappuccini-restaurant.com\/it\/#website"},"primaryImageOfPage":{"@id":"https:\/\/www.deicappuccini-restaurant.com\/it\/event\/#primaryimage"},"image":{"@id":"https:\/\/www.deicappuccini-restaurant.com\/it\/event\/#primaryimage"},"thumbnailUrl":"https:\/\/www.deicappuccini-restaurant.com\/wp-content\/uploads\/2024\/07\/The-White-Room-3.jpg","datePublished":"2024-07-17T12:04:49+00:00","dateModified":"2026-01-13T09:43:03+00:00","description":"Vivi eventi culinari indimenticabili al Ristorante Dei Cappuccini. Gusta men\u00f9 unici creati da chef di fama internazionale in un ambiente storico","breadcrumb":{"@id":"https:\/\/www.deicappuccini-restaurant.com\/it\/event\/#breadcrumb"},"inLanguage":"it-IT","potentialAction":[{"@type":"ReadAction","target":["https:\/\/www.deicappuccini-restaurant.com\/it\/event\/"]}]},{"@type":"ImageObject","inLanguage":"it-IT","@id":"https:\/\/www.deicappuccini-restaurant.com\/it\/event\/#primaryimage","url":"https:\/\/www.deicappuccini-restaurant.com\/wp-content\/uploads\/2024\/07\/The-White-Room-3.jpg","contentUrl":"https:\/\/www.deicappuccini-restaurant.com\/wp-content\/uploads\/2024\/07\/The-White-Room-3.jpg"},{"@type":"BreadcrumbList","@id":"https:\/\/www.deicappuccini-restaurant.com\/it\/event\/#breadcrumb","itemListElement":[{"@type":"ListItem","position":1,"name":"Home","item":"https:\/\/www.deicappuccini-restaurant.com\/it\/"},{"@type":"ListItem","position":2,"name":"Eventi"}]},{"@type":"WebSite","@id":"https:\/\/www.deicappuccini-restaurant.com\/it\/#website","url":"https:\/\/www.deicappuccini-restaurant.com\/it\/","name":"Dei Cappuccini Restaurant Amalfi","description":"","publisher":{"@id":"https:\/\/www.deicappuccini-restaurant.com\/it\/#organization"},"potentialAction":[{"@type":"SearchAction","target":{"@type":"EntryPoint","urlTemplate":"https:\/\/www.deicappuccini-restaurant.com\/it\/?s={search_term_string}"},"query-input":{"@type":"PropertyValueSpecification","valueRequired":true,"valueName":"search_term_string"}}],"inLanguage":"it-IT"},{"@type":"Organization","@id":"https:\/\/www.deicappuccini-restaurant.com\/it\/#organization","name":"Dei Cappuccini Restaurant Amalfi","url":"https:\/\/www.deicappuccini-restaurant.com\/it\/","logo":{"@type":"ImageObject","inLanguage":"it-IT","@id":"https:\/\/www.deicappuccini-restaurant.com\/it\/#\/schema\/logo\/image\/","url":"https:\/\/www.deicappuccini-restaurant.com\/wp-content\/uploads\/2024\/07\/dei-cappuccini-logo-1.png","contentUrl":"https:\/\/www.deicappuccini-restaurant.com\/wp-content\/uploads\/2024\/07\/dei-cappuccini-logo-1.png","width":590,"height":300,"caption":"Dei Cappuccini Restaurant Amalfi"},"image":{"@id":"https:\/\/www.deicappuccini-restaurant.com\/it\/#\/schema\/logo\/image\/"}}]}},"_links":{"self":[{"href":"https:\/\/www.deicappuccini-restaurant.com\/it\/wp-json\/wp\/v2\/pages\/2920","targetHints":{"allow":["GET"]}}],"collection":[{"href":"https:\/\/www.deicappuccini-restaurant.com\/it\/wp-json\/wp\/v2\/pages"}],"about":[{"href":"https:\/\/www.deicappuccini-restaurant.com\/it\/wp-json\/wp\/v2\/types\/page"}],"author":[{"embeddable":true,"href":"https:\/\/www.deicappuccini-restaurant.com\/it\/wp-json\/wp\/v2\/users\/2"}],"replies":[{"embeddable":true,"href":"https:\/\/www.deicappuccini-restaurant.com\/it\/wp-json\/wp\/v2\/comments?post=2920"}],"version-history":[{"count":34,"href":"https:\/\/www.deicappuccini-restaurant.com\/it\/wp-json\/wp\/v2\/pages\/2920\/revisions"}],"predecessor-version":[{"id":3216,"href":"https:\/\/www.deicappuccini-restaurant.com\/it\/wp-json\/wp\/v2\/pages\/2920\/revisions\/3216"}],"wp:attachment":[{"href":"https:\/\/www.deicappuccini-restaurant.com\/it\/wp-json\/wp\/v2\/media?parent=2920"}],"curies":[{"name":"wp","href":"https:\/\/api.w.org\/{rel}","templated":true}]}}